{"id":19754,"date":"2022-11-04T15:01:31","date_gmt":"2022-11-04T14:01:31","guid":{"rendered":"https:\/\/movers-shop.be\/product\/top-cover-3-red-lines-1500gr-150-x-200-cm\/"},"modified":"2023-12-08T16:43:49","modified_gmt":"2023-12-08T15:43:49","slug":"top-cover-3-red-lines-1500gr-150-x-200-cm","status":"publish","type":"product","link":"https:\/\/movers-shop.be\/en\/product\/top-cover-3-red-lines-1500gr-150-x-200-cm\/","title":{"rendered":"TOP COVER 3 RED LINES 1500gr 150 x 200 CM"},"content":{"rendered":"<div class=\"wpb-content-wrapper\"><p>[vc_row][vc_column][vc_column_text]Recycled textile blankets of various weights and solidities[\/vc_column_text][\/vc_column][\/vc_row]<\/p>\n<\/div>","protected":false},"excerpt":{"rendered":"<ul class=\"ul-style check\">\n<li>Quality<\/li>\n<li>Attractive price<\/li>\n<li>Easy<\/li>\n<\/ul>\n","protected":false},"featured_media":19165,"template":"","meta":[],"product_cat":[306],"product_tag":[317],"yoast_head":"<!-- This site is optimized with the Yoast SEO plugin v22.8 - https:\/\/yoast.com\/wordpress\/plugins\/seo\/ -->\n<title>TOP COVER 3 RED LINES 1500gr 150 x 200 CM - Movers Shop<\/title>\n<meta name=\"robots\" content=\"index, follow, max-snippet:-1, max-image-preview:large, max-video-preview:-1\" \/>\n<link rel=\"canonical\" href=\"https:\/\/movers-shop.be\/produit\/couverture-superieur-3-lignes-rouges-1500gr-150x200cm\/\" \/>\n<meta property=\"og:locale\" content=\"en_US\" \/>\n<meta property=\"og:type\" content=\"article\" \/>\n<meta property=\"og:title\" content=\"TOP COVER 3 RED LINES 1500gr 150 x 200 CM - Movers Shop\" \/>\n<meta property=\"og:description\" content=\"Quality  Attractive price  Easy\" \/>\n<meta property=\"og:url\" content=\"https:\/\/movers-shop.be\/produit\/couverture-superieur-3-lignes-rouges-1500gr-150x200cm\/\" \/>\n<meta property=\"og:site_name\" content=\"Movers Shop\" \/>\n<meta property=\"article:modified_time\" content=\"2023-12-08T15:43:49+00:00\" \/>\n<meta property=\"og:image\" content=\"https:\/\/movers-shop.be\/wp-content\/uploads\/2022\/11\/COUVERTURE-SUPERIEUR-3-LIGNES-ROUGES-1500gr-150x200cm-scaled.jpg\" \/>\n\t<meta property=\"og:image:width\" content=\"2560\" \/>\n\t<meta property=\"og:image:height\" content=\"1709\" \/>\n\t<meta property=\"og:image:type\" content=\"image\/jpeg\" \/>\n<script type=\"application\/ld+json\" class=\"yoast-schema-graph\">{\"@context\":\"https:\/\/schema.org\",\"@graph\":[{\"@type\":\"WebPage\",\"@id\":\"https:\/\/movers-shop.be\/produit\/couverture-superieur-3-lignes-rouges-1500gr-150x200cm\/\",\"url\":\"https:\/\/movers-shop.be\/produit\/couverture-superieur-3-lignes-rouges-1500gr-150x200cm\/\",\"name\":\"TOP COVER 3 RED LINES 1500gr 150 x 200 CM - Movers Shop\",\"isPartOf\":{\"@id\":\"https:\/\/movers-shop.be\/#website\"},\"primaryImageOfPage\":{\"@id\":\"https:\/\/movers-shop.be\/produit\/couverture-superieur-3-lignes-rouges-1500gr-150x200cm\/#primaryimage\"},\"image\":{\"@id\":\"https:\/\/movers-shop.be\/produit\/couverture-superieur-3-lignes-rouges-1500gr-150x200cm\/#primaryimage\"},\"thumbnailUrl\":\"https:\/\/movers-shop.be\/wp-content\/uploads\/2022\/11\/COUVERTURE-SUPERIEUR-3-LIGNES-ROUGES-1500gr-150x200cm-scaled.jpg\",\"datePublished\":\"2022-11-04T14:01:31+00:00\",\"dateModified\":\"2023-12-08T15:43:49+00:00\",\"breadcrumb\":{\"@id\":\"https:\/\/movers-shop.be\/produit\/couverture-superieur-3-lignes-rouges-1500gr-150x200cm\/#breadcrumb\"},\"inLanguage\":\"en-US\",\"potentialAction\":[{\"@type\":\"ReadAction\",\"target\":[\"https:\/\/movers-shop.be\/produit\/couverture-superieur-3-lignes-rouges-1500gr-150x200cm\/\"]}]},{\"@type\":\"ImageObject\",\"inLanguage\":\"en-US\",\"@id\":\"https:\/\/movers-shop.be\/produit\/couverture-superieur-3-lignes-rouges-1500gr-150x200cm\/#primaryimage\",\"url\":\"https:\/\/movers-shop.be\/wp-content\/uploads\/2022\/11\/COUVERTURE-SUPERIEUR-3-LIGNES-ROUGES-1500gr-150x200cm-scaled.jpg\",\"contentUrl\":\"https:\/\/movers-shop.be\/wp-content\/uploads\/2022\/11\/COUVERTURE-SUPERIEUR-3-LIGNES-ROUGES-1500gr-150x200cm-scaled.jpg\",\"width\":2560,\"height\":1709},{\"@type\":\"BreadcrumbList\",\"@id\":\"https:\/\/movers-shop.be\/produit\/couverture-superieur-3-lignes-rouges-1500gr-150x200cm\/#breadcrumb\",\"itemListElement\":[{\"@type\":\"ListItem\",\"position\":1,\"name\":\"Accueil\",\"item\":\"https:\/\/movers-shop.be\/en\/\"},{\"@type\":\"ListItem\",\"position\":2,\"name\":\"Shop\",\"item\":\"https:\/\/movers-shop.be\/en\/shop\/\"},{\"@type\":\"ListItem\",\"position\":3,\"name\":\"TOP COVER 3 RED LINES 1500gr 150 x 200 CM\"}]},{\"@type\":\"WebSite\",\"@id\":\"https:\/\/movers-shop.be\/#website\",\"url\":\"https:\/\/movers-shop.be\/\",\"name\":\"Movers Shop\",\"description\":\"Mat\u00e9riel de d\u00e9m\u00e9nagement professionnel et outils\",\"potentialAction\":[{\"@type\":\"SearchAction\",\"target\":{\"@type\":\"EntryPoint\",\"urlTemplate\":\"https:\/\/movers-shop.be\/?s={search_term_string}\"},\"query-input\":\"required name=search_term_string\"}],\"inLanguage\":\"en-US\"}]}<\/script>\n<!-- \/ Yoast SEO plugin. -->","yoast_head_json":{"title":"TOP COVER 3 RED LINES 1500gr 150 x 200 CM - Movers Shop","robots":{"index":"index","follow":"follow","max-snippet":"max-snippet:-1","max-image-preview":"max-image-preview:large","max-video-preview":"max-video-preview:-1"},"canonical":"https:\/\/movers-shop.be\/produit\/couverture-superieur-3-lignes-rouges-1500gr-150x200cm\/","og_locale":"en_US","og_type":"article","og_title":"TOP COVER 3 RED LINES 1500gr 150 x 200 CM - Movers Shop","og_description":"Quality  Attractive price  Easy","og_url":"https:\/\/movers-shop.be\/produit\/couverture-superieur-3-lignes-rouges-1500gr-150x200cm\/","og_site_name":"Movers Shop","article_modified_time":"2023-12-08T15:43:49+00:00","og_image":[{"width":2560,"height":1709,"url":"https:\/\/movers-shop.be\/wp-content\/uploads\/2022\/11\/COUVERTURE-SUPERIEUR-3-LIGNES-ROUGES-1500gr-150x200cm-scaled.jpg","type":"image\/jpeg"}],"schema":{"@context":"https:\/\/schema.org","@graph":[{"@type":"WebPage","@id":"https:\/\/movers-shop.be\/produit\/couverture-superieur-3-lignes-rouges-1500gr-150x200cm\/","url":"https:\/\/movers-shop.be\/produit\/couverture-superieur-3-lignes-rouges-1500gr-150x200cm\/","name":"TOP COVER 3 RED LINES 1500gr 150 x 200 CM - Movers Shop","isPartOf":{"@id":"https:\/\/movers-shop.be\/#website"},"primaryImageOfPage":{"@id":"https:\/\/movers-shop.be\/produit\/couverture-superieur-3-lignes-rouges-1500gr-150x200cm\/#primaryimage"},"image":{"@id":"https:\/\/movers-shop.be\/produit\/couverture-superieur-3-lignes-rouges-1500gr-150x200cm\/#primaryimage"},"thumbnailUrl":"https:\/\/movers-shop.be\/wp-content\/uploads\/2022\/11\/COUVERTURE-SUPERIEUR-3-LIGNES-ROUGES-1500gr-150x200cm-scaled.jpg","datePublished":"2022-11-04T14:01:31+00:00","dateModified":"2023-12-08T15:43:49+00:00","breadcrumb":{"@id":"https:\/\/movers-shop.be\/produit\/couverture-superieur-3-lignes-rouges-1500gr-150x200cm\/#breadcrumb"},"inLanguage":"en-US","potentialAction":[{"@type":"ReadAction","target":["https:\/\/movers-shop.be\/produit\/couverture-superieur-3-lignes-rouges-1500gr-150x200cm\/"]}]},{"@type":"ImageObject","inLanguage":"en-US","@id":"https:\/\/movers-shop.be\/produit\/couverture-superieur-3-lignes-rouges-1500gr-150x200cm\/#primaryimage","url":"https:\/\/movers-shop.be\/wp-content\/uploads\/2022\/11\/COUVERTURE-SUPERIEUR-3-LIGNES-ROUGES-1500gr-150x200cm-scaled.jpg","contentUrl":"https:\/\/movers-shop.be\/wp-content\/uploads\/2022\/11\/COUVERTURE-SUPERIEUR-3-LIGNES-ROUGES-1500gr-150x200cm-scaled.jpg","width":2560,"height":1709},{"@type":"BreadcrumbList","@id":"https:\/\/movers-shop.be\/produit\/couverture-superieur-3-lignes-rouges-1500gr-150x200cm\/#breadcrumb","itemListElement":[{"@type":"ListItem","position":1,"name":"Accueil","item":"https:\/\/movers-shop.be\/en\/"},{"@type":"ListItem","position":2,"name":"Shop","item":"https:\/\/movers-shop.be\/en\/shop\/"},{"@type":"ListItem","position":3,"name":"TOP COVER 3 RED LINES 1500gr 150 x 200 CM"}]},{"@type":"WebSite","@id":"https:\/\/movers-shop.be\/#website","url":"https:\/\/movers-shop.be\/","name":"Movers Shop","description":"Mat\u00e9riel de d\u00e9m\u00e9nagement professionnel et outils","potentialAction":[{"@type":"SearchAction","target":{"@type":"EntryPoint","urlTemplate":"https:\/\/movers-shop.be\/?s={search_term_string}"},"query-input":"required name=search_term_string"}],"inLanguage":"en-US"}]}},"_links":{"self":[{"href":"https:\/\/movers-shop.be\/en\/wp-json\/wp\/v2\/product\/19754"}],"collection":[{"href":"https:\/\/movers-shop.be\/en\/wp-json\/wp\/v2\/product"}],"about":[{"href":"https:\/\/movers-shop.be\/en\/wp-json\/wp\/v2\/types\/product"}],"wp:featuredmedia":[{"embeddable":true,"href":"https:\/\/movers-shop.be\/en\/wp-json\/wp\/v2\/media\/19165"}],"wp:attachment":[{"href":"https:\/\/movers-shop.be\/en\/wp-json\/wp\/v2\/media?parent=19754"}],"wp:term":[{"taxonomy":"product_cat","embeddable":true,"href":"https:\/\/movers-shop.be\/en\/wp-json\/wp\/v2\/product_cat?post=19754"},{"taxonomy":"product_tag","embeddable":true,"href":"https:\/\/movers-shop.be\/en\/wp-json\/wp\/v2\/product_tag?post=19754"}],"curies":[{"name":"wp","href":"https:\/\/api.w.org\/{rel}","templated":true}]}}