{"id":19758,"date":"2022-11-04T15:17:48","date_gmt":"2022-11-04T14:17:48","guid":{"rendered":"https:\/\/movers-shop.be\/product\/croisillon-carton-bottle-4-x-3\/"},"modified":"2023-11-06T16:45:17","modified_gmt":"2023-11-06T15:45:17","slug":"bottle-brace-4x3-pack20","status":"publish","type":"product","link":"https:\/\/movers-shop.be\/en\/product\/bottle-brace-4x3-pack20\/","title":{"rendered":"CROSS-BRACED BOTTLES MOUNTED 4 X 3"},"content":{"rendered":"<p>Crosses for bottles, fits into the book carton and offers good protection.<\/p>\n<ul>\n<li>AdaptabIe in the Books box<\/li>\n<li>Flat packed<\/li>\n<\/ul>\n<p>&nbsp;<\/p>\n","protected":false},"excerpt":{"rendered":"<ul class=\"ul-style check\">\n<li>Quality<\/li>\n<li>Attractive price<\/li>\n<li>Easy<\/li>\n<\/ul>\n","protected":false},"featured_media":19177,"template":"","meta":[],"product_cat":[305],"product_tag":[365],"yoast_head":"<!-- This site is optimized with the Yoast SEO plugin v22.8 - https:\/\/yoast.com\/wordpress\/plugins\/seo\/ -->\n<title>CROSS-BRACED BOTTLES MOUNTED 4 X 3 - Movers Shop<\/title>\n<meta name=\"robots\" content=\"index, follow, max-snippet:-1, max-image-preview:large, max-video-preview:-1\" \/>\n<link rel=\"canonical\" href=\"https:\/\/movers-shop.be\/en\/product\/croisillon-carton-bottle-4-x-3\/\" \/>\n<meta property=\"og:locale\" content=\"en_US\" \/>\n<meta property=\"og:type\" content=\"article\" \/>\n<meta property=\"og:title\" content=\"CROSS-BRACED BOTTLES MOUNTED 4 X 3 - Movers Shop\" \/>\n<meta property=\"og:description\" content=\"Quality  Attractive price  Easy\" \/>\n<meta property=\"og:url\" content=\"https:\/\/movers-shop.be\/en\/product\/croisillon-carton-bottle-4-x-3\/\" \/>\n<meta property=\"og:site_name\" content=\"Movers Shop\" \/>\n<meta property=\"article:modified_time\" content=\"2023-11-06T15:45:17+00:00\" \/>\n<meta property=\"og:image\" content=\"https:\/\/movers-shop.be\/wp-content\/uploads\/2022\/11\/CROISILLONS-A-BOUTEILLE-CARTON-LIVRE-scaled.jpg\" \/>\n\t<meta property=\"og:image:width\" content=\"2249\" \/>\n\t<meta property=\"og:image:height\" content=\"2560\" \/>\n\t<meta property=\"og:image:type\" content=\"image\/jpeg\" \/>\n<script type=\"application\/ld+json\" class=\"yoast-schema-graph\">{\"@context\":\"https:\/\/schema.org\",\"@graph\":[{\"@type\":\"WebPage\",\"@id\":\"https:\/\/movers-shop.be\/en\/product\/croisillon-carton-bottle-4-x-3\/\",\"url\":\"https:\/\/movers-shop.be\/en\/product\/croisillon-carton-bottle-4-x-3\/\",\"name\":\"CROSS-BRACED BOTTLES MOUNTED 4 X 3 - Movers Shop\",\"isPartOf\":{\"@id\":\"https:\/\/movers-shop.be\/#website\"},\"primaryImageOfPage\":{\"@id\":\"https:\/\/movers-shop.be\/en\/product\/croisillon-carton-bottle-4-x-3\/#primaryimage\"},\"image\":{\"@id\":\"https:\/\/movers-shop.be\/en\/product\/croisillon-carton-bottle-4-x-3\/#primaryimage\"},\"thumbnailUrl\":\"https:\/\/movers-shop.be\/wp-content\/uploads\/2022\/11\/CROISILLONS-A-BOUTEILLE-CARTON-LIVRE-scaled.jpg\",\"datePublished\":\"2022-11-04T14:17:48+00:00\",\"dateModified\":\"2023-11-06T15:45:17+00:00\",\"breadcrumb\":{\"@id\":\"https:\/\/movers-shop.be\/en\/product\/croisillon-carton-bottle-4-x-3\/#breadcrumb\"},\"inLanguage\":\"en-US\",\"potentialAction\":[{\"@type\":\"ReadAction\",\"target\":[\"https:\/\/movers-shop.be\/en\/product\/croisillon-carton-bottle-4-x-3\/\"]}]},{\"@type\":\"ImageObject\",\"inLanguage\":\"en-US\",\"@id\":\"https:\/\/movers-shop.be\/en\/product\/croisillon-carton-bottle-4-x-3\/#primaryimage\",\"url\":\"https:\/\/movers-shop.be\/wp-content\/uploads\/2022\/11\/CROISILLONS-A-BOUTEILLE-CARTON-LIVRE-scaled.jpg\",\"contentUrl\":\"https:\/\/movers-shop.be\/wp-content\/uploads\/2022\/11\/CROISILLONS-A-BOUTEILLE-CARTON-LIVRE-scaled.jpg\",\"width\":2249,\"height\":2560},{\"@type\":\"BreadcrumbList\",\"@id\":\"https:\/\/movers-shop.be\/en\/product\/croisillon-carton-bottle-4-x-3\/#breadcrumb\",\"itemListElement\":[{\"@type\":\"ListItem\",\"position\":1,\"name\":\"Accueil\",\"item\":\"https:\/\/movers-shop.be\/en\/\"},{\"@type\":\"ListItem\",\"position\":2,\"name\":\"Shop\",\"item\":\"https:\/\/movers-shop.be\/en\/shop\/\"},{\"@type\":\"ListItem\",\"position\":3,\"name\":\"CROSS-BRACED BOTTLES MOUNTED 4 X 3\"}]},{\"@type\":\"WebSite\",\"@id\":\"https:\/\/movers-shop.be\/#website\",\"url\":\"https:\/\/movers-shop.be\/\",\"name\":\"Movers Shop\",\"description\":\"Mat\u00e9riel de d\u00e9m\u00e9nagement professionnel et outils\",\"potentialAction\":[{\"@type\":\"SearchAction\",\"target\":{\"@type\":\"EntryPoint\",\"urlTemplate\":\"https:\/\/movers-shop.be\/?s={search_term_string}\"},\"query-input\":\"required name=search_term_string\"}],\"inLanguage\":\"en-US\"}]}<\/script>\n<!-- \/ Yoast SEO plugin. -->","yoast_head_json":{"title":"CROSS-BRACED BOTTLES MOUNTED 4 X 3 - Movers Shop","robots":{"index":"index","follow":"follow","max-snippet":"max-snippet:-1","max-image-preview":"max-image-preview:large","max-video-preview":"max-video-preview:-1"},"canonical":"https:\/\/movers-shop.be\/en\/product\/croisillon-carton-bottle-4-x-3\/","og_locale":"en_US","og_type":"article","og_title":"CROSS-BRACED BOTTLES MOUNTED 4 X 3 - Movers Shop","og_description":"Quality  Attractive price  Easy","og_url":"https:\/\/movers-shop.be\/en\/product\/croisillon-carton-bottle-4-x-3\/","og_site_name":"Movers Shop","article_modified_time":"2023-11-06T15:45:17+00:00","og_image":[{"width":2249,"height":2560,"url":"https:\/\/movers-shop.be\/wp-content\/uploads\/2022\/11\/CROISILLONS-A-BOUTEILLE-CARTON-LIVRE-scaled.jpg","type":"image\/jpeg"}],"schema":{"@context":"https:\/\/schema.org","@graph":[{"@type":"WebPage","@id":"https:\/\/movers-shop.be\/en\/product\/croisillon-carton-bottle-4-x-3\/","url":"https:\/\/movers-shop.be\/en\/product\/croisillon-carton-bottle-4-x-3\/","name":"CROSS-BRACED BOTTLES MOUNTED 4 X 3 - Movers Shop","isPartOf":{"@id":"https:\/\/movers-shop.be\/#website"},"primaryImageOfPage":{"@id":"https:\/\/movers-shop.be\/en\/product\/croisillon-carton-bottle-4-x-3\/#primaryimage"},"image":{"@id":"https:\/\/movers-shop.be\/en\/product\/croisillon-carton-bottle-4-x-3\/#primaryimage"},"thumbnailUrl":"https:\/\/movers-shop.be\/wp-content\/uploads\/2022\/11\/CROISILLONS-A-BOUTEILLE-CARTON-LIVRE-scaled.jpg","datePublished":"2022-11-04T14:17:48+00:00","dateModified":"2023-11-06T15:45:17+00:00","breadcrumb":{"@id":"https:\/\/movers-shop.be\/en\/product\/croisillon-carton-bottle-4-x-3\/#breadcrumb"},"inLanguage":"en-US","potentialAction":[{"@type":"ReadAction","target":["https:\/\/movers-shop.be\/en\/product\/croisillon-carton-bottle-4-x-3\/"]}]},{"@type":"ImageObject","inLanguage":"en-US","@id":"https:\/\/movers-shop.be\/en\/product\/croisillon-carton-bottle-4-x-3\/#primaryimage","url":"https:\/\/movers-shop.be\/wp-content\/uploads\/2022\/11\/CROISILLONS-A-BOUTEILLE-CARTON-LIVRE-scaled.jpg","contentUrl":"https:\/\/movers-shop.be\/wp-content\/uploads\/2022\/11\/CROISILLONS-A-BOUTEILLE-CARTON-LIVRE-scaled.jpg","width":2249,"height":2560},{"@type":"BreadcrumbList","@id":"https:\/\/movers-shop.be\/en\/product\/croisillon-carton-bottle-4-x-3\/#breadcrumb","itemListElement":[{"@type":"ListItem","position":1,"name":"Accueil","item":"https:\/\/movers-shop.be\/en\/"},{"@type":"ListItem","position":2,"name":"Shop","item":"https:\/\/movers-shop.be\/en\/shop\/"},{"@type":"ListItem","position":3,"name":"CROSS-BRACED BOTTLES MOUNTED 4 X 3"}]},{"@type":"WebSite","@id":"https:\/\/movers-shop.be\/#website","url":"https:\/\/movers-shop.be\/","name":"Movers Shop","description":"Mat\u00e9riel de d\u00e9m\u00e9nagement professionnel et outils","potentialAction":[{"@type":"SearchAction","target":{"@type":"EntryPoint","urlTemplate":"https:\/\/movers-shop.be\/?s={search_term_string}"},"query-input":"required name=search_term_string"}],"inLanguage":"en-US"}]}},"_links":{"self":[{"href":"https:\/\/movers-shop.be\/en\/wp-json\/wp\/v2\/product\/19758"}],"collection":[{"href":"https:\/\/movers-shop.be\/en\/wp-json\/wp\/v2\/product"}],"about":[{"href":"https:\/\/movers-shop.be\/en\/wp-json\/wp\/v2\/types\/product"}],"wp:featuredmedia":[{"embeddable":true,"href":"https:\/\/movers-shop.be\/en\/wp-json\/wp\/v2\/media\/19177"}],"wp:attachment":[{"href":"https:\/\/movers-shop.be\/en\/wp-json\/wp\/v2\/media?parent=19758"}],"wp:term":[{"taxonomy":"product_cat","embeddable":true,"href":"https:\/\/movers-shop.be\/en\/wp-json\/wp\/v2\/product_cat?post=19758"},{"taxonomy":"product_tag","embeddable":true,"href":"https:\/\/movers-shop.be\/en\/wp-json\/wp\/v2\/product_tag?post=19758"}],"curies":[{"name":"wp","href":"https:\/\/api.w.org\/{rel}","templated":true}]}}