{"id":19787,"date":"2022-11-04T16:26:05","date_gmt":"2022-11-04T15:26:05","guid":{"rendered":"https:\/\/movers-shop.be\/product\/silk-paper-75-x-100-cm-10kg\/"},"modified":"2023-11-09T09:30:29","modified_gmt":"2023-11-09T08:30:29","slug":"papier-de-soie-75x100cm","status":"publish","type":"product","link":"https:\/\/movers-shop.be\/en\/product\/papier-de-soie-75x100cm\/","title":{"rendered":"SILK PAPER"},"content":{"rendered":"<ul>\n<li>20 g\/m\u00b2 PH-neutral waterproof foam &#8211; 100% recycIabIe<\/li>\n<li>For packaging precious objects such as silverware, porcelain, textiles, objets d&#8217;art, etc.<\/li>\n<li>Dimensions: 65 x 100 cm<\/li>\n<\/ul>\n","protected":false},"excerpt":{"rendered":"<ul class=\"ul-style check\">\n<li>Quality<\/li>\n<li>Attractive price<\/li>\n<li>Easy<\/li>\n<\/ul>\n","protected":false},"featured_media":21082,"template":"","meta":[],"product_cat":[308],"product_tag":[330],"yoast_head":"<!-- This site is optimized with the Yoast SEO plugin v22.8 - https:\/\/yoast.com\/wordpress\/plugins\/seo\/ -->\n<title>SILK PAPER - Movers Shop<\/title>\n<meta name=\"robots\" content=\"index, follow, max-snippet:-1, max-image-preview:large, max-video-preview:-1\" \/>\n<link rel=\"canonical\" href=\"https:\/\/movers-shop.be\/en\/product\/papier-de-soie-75x100cm\/\" \/>\n<meta property=\"og:locale\" content=\"en_US\" \/>\n<meta property=\"og:type\" content=\"article\" \/>\n<meta property=\"og:title\" content=\"SILK PAPER - Movers Shop\" \/>\n<meta property=\"og:description\" content=\"Quality  Attractive price  Easy\" \/>\n<meta property=\"og:url\" content=\"https:\/\/movers-shop.be\/en\/product\/papier-de-soie-75x100cm\/\" \/>\n<meta property=\"og:site_name\" content=\"Movers Shop\" \/>\n<meta property=\"article:modified_time\" content=\"2023-11-09T08:30:29+00:00\" \/>\n<meta property=\"og:image\" content=\"https:\/\/movers-shop.be\/wp-content\/uploads\/2022\/11\/PAPIER-DE-SOIE-75-x-100-CM-10Kg-scaled.jpg\" \/>\n\t<meta property=\"og:image:width\" content=\"2560\" \/>\n\t<meta property=\"og:image:height\" content=\"1709\" \/>\n\t<meta property=\"og:image:type\" content=\"image\/jpeg\" \/>\n<script type=\"application\/ld+json\" class=\"yoast-schema-graph\">{\"@context\":\"https:\/\/schema.org\",\"@graph\":[{\"@type\":\"WebPage\",\"@id\":\"https:\/\/movers-shop.be\/en\/product\/papier-de-soie-75x100cm\/\",\"url\":\"https:\/\/movers-shop.be\/en\/product\/papier-de-soie-75x100cm\/\",\"name\":\"SILK PAPER - Movers Shop\",\"isPartOf\":{\"@id\":\"https:\/\/movers-shop.be\/#website\"},\"primaryImageOfPage\":{\"@id\":\"https:\/\/movers-shop.be\/en\/product\/papier-de-soie-75x100cm\/#primaryimage\"},\"image\":{\"@id\":\"https:\/\/movers-shop.be\/en\/product\/papier-de-soie-75x100cm\/#primaryimage\"},\"thumbnailUrl\":\"https:\/\/movers-shop.be\/wp-content\/uploads\/2022\/11\/PAPIER-DE-SOIE.png\",\"datePublished\":\"2022-11-04T15:26:05+00:00\",\"dateModified\":\"2023-11-09T08:30:29+00:00\",\"breadcrumb\":{\"@id\":\"https:\/\/movers-shop.be\/en\/product\/papier-de-soie-75x100cm\/#breadcrumb\"},\"inLanguage\":\"en-US\",\"potentialAction\":[{\"@type\":\"ReadAction\",\"target\":[\"https:\/\/movers-shop.be\/en\/product\/papier-de-soie-75x100cm\/\"]}]},{\"@type\":\"ImageObject\",\"inLanguage\":\"en-US\",\"@id\":\"https:\/\/movers-shop.be\/en\/product\/papier-de-soie-75x100cm\/#primaryimage\",\"url\":\"https:\/\/movers-shop.be\/wp-content\/uploads\/2022\/11\/PAPIER-DE-SOIE.png\",\"contentUrl\":\"https:\/\/movers-shop.be\/wp-content\/uploads\/2022\/11\/PAPIER-DE-SOIE.png\",\"width\":460,\"height\":316,\"caption\":\"PAPIER DE SOIE\"},{\"@type\":\"BreadcrumbList\",\"@id\":\"https:\/\/movers-shop.be\/en\/product\/papier-de-soie-75x100cm\/#breadcrumb\",\"itemListElement\":[{\"@type\":\"ListItem\",\"position\":1,\"name\":\"Accueil\",\"item\":\"https:\/\/movers-shop.be\/en\/\"},{\"@type\":\"ListItem\",\"position\":2,\"name\":\"Shop\",\"item\":\"https:\/\/movers-shop.be\/en\/shop\/\"},{\"@type\":\"ListItem\",\"position\":3,\"name\":\"SILK PAPER\"}]},{\"@type\":\"WebSite\",\"@id\":\"https:\/\/movers-shop.be\/#website\",\"url\":\"https:\/\/movers-shop.be\/\",\"name\":\"Movers Shop\",\"description\":\"Mat\u00e9riel de d\u00e9m\u00e9nagement professionnel et outils\",\"potentialAction\":[{\"@type\":\"SearchAction\",\"target\":{\"@type\":\"EntryPoint\",\"urlTemplate\":\"https:\/\/movers-shop.be\/?s={search_term_string}\"},\"query-input\":\"required name=search_term_string\"}],\"inLanguage\":\"en-US\"}]}<\/script>\n<!-- \/ Yoast SEO plugin. -->","yoast_head_json":{"title":"SILK PAPER - Movers Shop","robots":{"index":"index","follow":"follow","max-snippet":"max-snippet:-1","max-image-preview":"max-image-preview:large","max-video-preview":"max-video-preview:-1"},"canonical":"https:\/\/movers-shop.be\/en\/product\/papier-de-soie-75x100cm\/","og_locale":"en_US","og_type":"article","og_title":"SILK PAPER - Movers Shop","og_description":"Quality  Attractive price  Easy","og_url":"https:\/\/movers-shop.be\/en\/product\/papier-de-soie-75x100cm\/","og_site_name":"Movers Shop","article_modified_time":"2023-11-09T08:30:29+00:00","og_image":[{"width":2560,"height":1709,"url":"https:\/\/movers-shop.be\/wp-content\/uploads\/2022\/11\/PAPIER-DE-SOIE-75-x-100-CM-10Kg-scaled.jpg","type":"image\/jpeg"}],"schema":{"@context":"https:\/\/schema.org","@graph":[{"@type":"WebPage","@id":"https:\/\/movers-shop.be\/en\/product\/papier-de-soie-75x100cm\/","url":"https:\/\/movers-shop.be\/en\/product\/papier-de-soie-75x100cm\/","name":"SILK PAPER - Movers Shop","isPartOf":{"@id":"https:\/\/movers-shop.be\/#website"},"primaryImageOfPage":{"@id":"https:\/\/movers-shop.be\/en\/product\/papier-de-soie-75x100cm\/#primaryimage"},"image":{"@id":"https:\/\/movers-shop.be\/en\/product\/papier-de-soie-75x100cm\/#primaryimage"},"thumbnailUrl":"https:\/\/movers-shop.be\/wp-content\/uploads\/2022\/11\/PAPIER-DE-SOIE.png","datePublished":"2022-11-04T15:26:05+00:00","dateModified":"2023-11-09T08:30:29+00:00","breadcrumb":{"@id":"https:\/\/movers-shop.be\/en\/product\/papier-de-soie-75x100cm\/#breadcrumb"},"inLanguage":"en-US","potentialAction":[{"@type":"ReadAction","target":["https:\/\/movers-shop.be\/en\/product\/papier-de-soie-75x100cm\/"]}]},{"@type":"ImageObject","inLanguage":"en-US","@id":"https:\/\/movers-shop.be\/en\/product\/papier-de-soie-75x100cm\/#primaryimage","url":"https:\/\/movers-shop.be\/wp-content\/uploads\/2022\/11\/PAPIER-DE-SOIE.png","contentUrl":"https:\/\/movers-shop.be\/wp-content\/uploads\/2022\/11\/PAPIER-DE-SOIE.png","width":460,"height":316,"caption":"PAPIER DE SOIE"},{"@type":"BreadcrumbList","@id":"https:\/\/movers-shop.be\/en\/product\/papier-de-soie-75x100cm\/#breadcrumb","itemListElement":[{"@type":"ListItem","position":1,"name":"Accueil","item":"https:\/\/movers-shop.be\/en\/"},{"@type":"ListItem","position":2,"name":"Shop","item":"https:\/\/movers-shop.be\/en\/shop\/"},{"@type":"ListItem","position":3,"name":"SILK PAPER"}]},{"@type":"WebSite","@id":"https:\/\/movers-shop.be\/#website","url":"https:\/\/movers-shop.be\/","name":"Movers Shop","description":"Mat\u00e9riel de d\u00e9m\u00e9nagement professionnel et outils","potentialAction":[{"@type":"SearchAction","target":{"@type":"EntryPoint","urlTemplate":"https:\/\/movers-shop.be\/?s={search_term_string}"},"query-input":"required name=search_term_string"}],"inLanguage":"en-US"}]}},"_links":{"self":[{"href":"https:\/\/movers-shop.be\/en\/wp-json\/wp\/v2\/product\/19787"}],"collection":[{"href":"https:\/\/movers-shop.be\/en\/wp-json\/wp\/v2\/product"}],"about":[{"href":"https:\/\/movers-shop.be\/en\/wp-json\/wp\/v2\/types\/product"}],"wp:featuredmedia":[{"embeddable":true,"href":"https:\/\/movers-shop.be\/en\/wp-json\/wp\/v2\/media\/21082"}],"wp:attachment":[{"href":"https:\/\/movers-shop.be\/en\/wp-json\/wp\/v2\/media?parent=19787"}],"wp:term":[{"taxonomy":"product_cat","embeddable":true,"href":"https:\/\/movers-shop.be\/en\/wp-json\/wp\/v2\/product_cat?post=19787"},{"taxonomy":"product_tag","embeddable":true,"href":"https:\/\/movers-shop.be\/en\/wp-json\/wp\/v2\/product_tag?post=19787"}],"curies":[{"name":"wp","href":"https:\/\/api.w.org\/{rel}","templated":true}]}}