{"id":19808,"date":"2022-11-17T15:19:39","date_gmt":"2022-11-17T14:19:39","guid":{"rendered":"https:\/\/movers-shop.be\/product\/tyvek-art-protection-1524-x-50-m-43gr\/"},"modified":"2023-10-31T12:00:58","modified_gmt":"2023-10-31T11:00:58","slug":"tyvek-protection-oeuvre-art-1524x50m-43gr","status":"publish","type":"product","link":"https:\/\/movers-shop.be\/en\/product\/tyvek-protection-oeuvre-art-1524x50m-43gr\/","title":{"rendered":"TYVEK PROTECTION"},"content":{"rendered":"<ul>\n<li>Recommended for packing and transporting works of art such as paintings, scuIptures, etc.<\/li>\n<li>PH-neutral, lint-free product, highly resistant and reusable<\/li>\n<li>Breathable, dustproof, water-, UV- and heat-resistant up to 80\u02da C<\/li>\n<li>Fully recycled<\/li>\n<li>dimensions: 1524 x 50 m<\/li>\n<\/ul>\n","protected":false},"excerpt":{"rendered":"<ul class=\"ul-style check\">\n<li>Quality<\/li>\n<li>Attractive price<\/li>\n<li>Easy<\/li>\n<\/ul>\n","protected":false},"featured_media":20144,"template":"","meta":[],"product_cat":[310],"product_tag":[],"yoast_head":"<!-- This site is optimized with the Yoast SEO plugin v22.8 - https:\/\/yoast.com\/wordpress\/plugins\/seo\/ -->\n<title>TYVEK PROTECTION - Movers Shop<\/title>\n<meta name=\"robots\" content=\"index, follow, max-snippet:-1, max-image-preview:large, max-video-preview:-1\" \/>\n<link rel=\"canonical\" href=\"https:\/\/movers-shop.be\/en\/product\/tyvek-art-protection-1524-x-50-m-43gr\/\" \/>\n<meta property=\"og:locale\" content=\"en_US\" \/>\n<meta property=\"og:type\" content=\"article\" \/>\n<meta property=\"og:title\" content=\"TYVEK PROTECTION - Movers Shop\" \/>\n<meta property=\"og:description\" content=\"Quality  Attractive price  Easy\" \/>\n<meta property=\"og:url\" content=\"https:\/\/movers-shop.be\/en\/product\/tyvek-art-protection-1524-x-50-m-43gr\/\" \/>\n<meta property=\"og:site_name\" content=\"Movers Shop\" \/>\n<meta property=\"article:modified_time\" content=\"2023-10-31T11:00:58+00:00\" \/>\n<meta property=\"og:image\" content=\"https:\/\/movers-shop.be\/wp-content\/uploads\/2022\/11\/T01-1-scaled.jpg\" \/>\n\t<meta property=\"og:image:width\" content=\"2560\" \/>\n\t<meta property=\"og:image:height\" content=\"1709\" \/>\n\t<meta property=\"og:image:type\" content=\"image\/jpeg\" \/>\n<script type=\"application\/ld+json\" class=\"yoast-schema-graph\">{\"@context\":\"https:\/\/schema.org\",\"@graph\":[{\"@type\":\"WebPage\",\"@id\":\"https:\/\/movers-shop.be\/en\/product\/tyvek-art-protection-1524-x-50-m-43gr\/\",\"url\":\"https:\/\/movers-shop.be\/en\/product\/tyvek-art-protection-1524-x-50-m-43gr\/\",\"name\":\"TYVEK PROTECTION - Movers Shop\",\"isPartOf\":{\"@id\":\"https:\/\/movers-shop.be\/#website\"},\"primaryImageOfPage\":{\"@id\":\"https:\/\/movers-shop.be\/en\/product\/tyvek-art-protection-1524-x-50-m-43gr\/#primaryimage\"},\"image\":{\"@id\":\"https:\/\/movers-shop.be\/en\/product\/tyvek-art-protection-1524-x-50-m-43gr\/#primaryimage\"},\"thumbnailUrl\":\"https:\/\/movers-shop.be\/wp-content\/uploads\/2022\/11\/T01-1-scaled.jpg\",\"datePublished\":\"2022-11-17T14:19:39+00:00\",\"dateModified\":\"2023-10-31T11:00:58+00:00\",\"breadcrumb\":{\"@id\":\"https:\/\/movers-shop.be\/en\/product\/tyvek-art-protection-1524-x-50-m-43gr\/#breadcrumb\"},\"inLanguage\":\"en-US\",\"potentialAction\":[{\"@type\":\"ReadAction\",\"target\":[\"https:\/\/movers-shop.be\/en\/product\/tyvek-art-protection-1524-x-50-m-43gr\/\"]}]},{\"@type\":\"ImageObject\",\"inLanguage\":\"en-US\",\"@id\":\"https:\/\/movers-shop.be\/en\/product\/tyvek-art-protection-1524-x-50-m-43gr\/#primaryimage\",\"url\":\"https:\/\/movers-shop.be\/wp-content\/uploads\/2022\/11\/T01-1-scaled.jpg\",\"contentUrl\":\"https:\/\/movers-shop.be\/wp-content\/uploads\/2022\/11\/T01-1-scaled.jpg\",\"width\":2560,\"height\":1709},{\"@type\":\"BreadcrumbList\",\"@id\":\"https:\/\/movers-shop.be\/en\/product\/tyvek-art-protection-1524-x-50-m-43gr\/#breadcrumb\",\"itemListElement\":[{\"@type\":\"ListItem\",\"position\":1,\"name\":\"Accueil\",\"item\":\"https:\/\/movers-shop.be\/en\/\"},{\"@type\":\"ListItem\",\"position\":2,\"name\":\"Shop\",\"item\":\"https:\/\/movers-shop.be\/en\/shop\/\"},{\"@type\":\"ListItem\",\"position\":3,\"name\":\"TYVEK PROTECTION\"}]},{\"@type\":\"WebSite\",\"@id\":\"https:\/\/movers-shop.be\/#website\",\"url\":\"https:\/\/movers-shop.be\/\",\"name\":\"Movers Shop\",\"description\":\"Mat\u00e9riel de d\u00e9m\u00e9nagement professionnel et outils\",\"potentialAction\":[{\"@type\":\"SearchAction\",\"target\":{\"@type\":\"EntryPoint\",\"urlTemplate\":\"https:\/\/movers-shop.be\/?s={search_term_string}\"},\"query-input\":\"required name=search_term_string\"}],\"inLanguage\":\"en-US\"}]}<\/script>\n<!-- \/ Yoast SEO plugin. -->","yoast_head_json":{"title":"TYVEK PROTECTION - Movers Shop","robots":{"index":"index","follow":"follow","max-snippet":"max-snippet:-1","max-image-preview":"max-image-preview:large","max-video-preview":"max-video-preview:-1"},"canonical":"https:\/\/movers-shop.be\/en\/product\/tyvek-art-protection-1524-x-50-m-43gr\/","og_locale":"en_US","og_type":"article","og_title":"TYVEK PROTECTION - Movers Shop","og_description":"Quality  Attractive price  Easy","og_url":"https:\/\/movers-shop.be\/en\/product\/tyvek-art-protection-1524-x-50-m-43gr\/","og_site_name":"Movers Shop","article_modified_time":"2023-10-31T11:00:58+00:00","og_image":[{"width":2560,"height":1709,"url":"https:\/\/movers-shop.be\/wp-content\/uploads\/2022\/11\/T01-1-scaled.jpg","type":"image\/jpeg"}],"schema":{"@context":"https:\/\/schema.org","@graph":[{"@type":"WebPage","@id":"https:\/\/movers-shop.be\/en\/product\/tyvek-art-protection-1524-x-50-m-43gr\/","url":"https:\/\/movers-shop.be\/en\/product\/tyvek-art-protection-1524-x-50-m-43gr\/","name":"TYVEK PROTECTION - Movers Shop","isPartOf":{"@id":"https:\/\/movers-shop.be\/#website"},"primaryImageOfPage":{"@id":"https:\/\/movers-shop.be\/en\/product\/tyvek-art-protection-1524-x-50-m-43gr\/#primaryimage"},"image":{"@id":"https:\/\/movers-shop.be\/en\/product\/tyvek-art-protection-1524-x-50-m-43gr\/#primaryimage"},"thumbnailUrl":"https:\/\/movers-shop.be\/wp-content\/uploads\/2022\/11\/T01-1-scaled.jpg","datePublished":"2022-11-17T14:19:39+00:00","dateModified":"2023-10-31T11:00:58+00:00","breadcrumb":{"@id":"https:\/\/movers-shop.be\/en\/product\/tyvek-art-protection-1524-x-50-m-43gr\/#breadcrumb"},"inLanguage":"en-US","potentialAction":[{"@type":"ReadAction","target":["https:\/\/movers-shop.be\/en\/product\/tyvek-art-protection-1524-x-50-m-43gr\/"]}]},{"@type":"ImageObject","inLanguage":"en-US","@id":"https:\/\/movers-shop.be\/en\/product\/tyvek-art-protection-1524-x-50-m-43gr\/#primaryimage","url":"https:\/\/movers-shop.be\/wp-content\/uploads\/2022\/11\/T01-1-scaled.jpg","contentUrl":"https:\/\/movers-shop.be\/wp-content\/uploads\/2022\/11\/T01-1-scaled.jpg","width":2560,"height":1709},{"@type":"BreadcrumbList","@id":"https:\/\/movers-shop.be\/en\/product\/tyvek-art-protection-1524-x-50-m-43gr\/#breadcrumb","itemListElement":[{"@type":"ListItem","position":1,"name":"Accueil","item":"https:\/\/movers-shop.be\/en\/"},{"@type":"ListItem","position":2,"name":"Shop","item":"https:\/\/movers-shop.be\/en\/shop\/"},{"@type":"ListItem","position":3,"name":"TYVEK PROTECTION"}]},{"@type":"WebSite","@id":"https:\/\/movers-shop.be\/#website","url":"https:\/\/movers-shop.be\/","name":"Movers Shop","description":"Mat\u00e9riel de d\u00e9m\u00e9nagement professionnel et outils","potentialAction":[{"@type":"SearchAction","target":{"@type":"EntryPoint","urlTemplate":"https:\/\/movers-shop.be\/?s={search_term_string}"},"query-input":"required name=search_term_string"}],"inLanguage":"en-US"}]}},"_links":{"self":[{"href":"https:\/\/movers-shop.be\/en\/wp-json\/wp\/v2\/product\/19808"}],"collection":[{"href":"https:\/\/movers-shop.be\/en\/wp-json\/wp\/v2\/product"}],"about":[{"href":"https:\/\/movers-shop.be\/en\/wp-json\/wp\/v2\/types\/product"}],"wp:featuredmedia":[{"embeddable":true,"href":"https:\/\/movers-shop.be\/en\/wp-json\/wp\/v2\/media\/20144"}],"wp:attachment":[{"href":"https:\/\/movers-shop.be\/en\/wp-json\/wp\/v2\/media?parent=19808"}],"wp:term":[{"taxonomy":"product_cat","embeddable":true,"href":"https:\/\/movers-shop.be\/en\/wp-json\/wp\/v2\/product_cat?post=19808"},{"taxonomy":"product_tag","embeddable":true,"href":"https:\/\/movers-shop.be\/en\/wp-json\/wp\/v2\/product_tag?post=19808"}],"curies":[{"name":"wp","href":"https:\/\/api.w.org\/{rel}","templated":true}]}}