{"id":19589,"date":"2014-10-06T13:42:37","date_gmt":"2014-10-06T12:42:37","guid":{"rendered":"https:\/\/movers-shop.be\/mijn-rekening\/"},"modified":"2023-02-23T00:11:38","modified_gmt":"2023-02-22T23:11:38","slug":"mijn-rekening","status":"publish","type":"page","link":"https:\/\/movers-shop.be\/nl\/mijn-rekening\/","title":{"rendered":"Mijn rekening"},"content":{"rendered":"<div class=\"wpb-content-wrapper\"><p>[vc_row][vc_column]<div class=\"woocommerce\"><\/div>[\/vc_column][\/vc_row]<\/p>\n<\/div>","protected":false},"excerpt":{"rendered":"<p>[vc_row][vc_column][\/vc_column][\/vc_row]<\/p>\n","protected":false},"author":1,"featured_media":0,"parent":0,"menu_order":0,"comment_status":"closed","ping_status":"closed","template":"","meta":{"footnotes":""},"yoast_head":"<!-- This site is optimized with the Yoast SEO plugin v22.8 - https:\/\/yoast.com\/wordpress\/plugins\/seo\/ -->\n<title>Mijn rekening - Movers Shop<\/title>\n<meta name=\"robots\" content=\"index, follow, max-snippet:-1, max-image-preview:large, max-video-preview:-1\" \/>\n<link rel=\"canonical\" href=\"https:\/\/movers-shop.be\/nl\/mijn-rekening\/\" \/>\n<meta property=\"og:locale\" content=\"nl_NL\" \/>\n<meta property=\"og:type\" content=\"article\" \/>\n<meta property=\"og:title\" content=\"Mijn rekening - Movers Shop\" \/>\n<meta property=\"og:description\" content=\"[vc_row][vc_column][\/vc_column][\/vc_row]\" \/>\n<meta property=\"og:url\" content=\"https:\/\/movers-shop.be\/nl\/mijn-rekening\/\" \/>\n<meta property=\"og:site_name\" content=\"Movers Shop\" \/>\n<meta property=\"article:modified_time\" content=\"2023-02-22T23:11:38+00:00\" \/>\n<script type=\"application\/ld+json\" class=\"yoast-schema-graph\">{\"@context\":\"https:\/\/schema.org\",\"@graph\":[{\"@type\":\"WebPage\",\"@id\":\"https:\/\/movers-shop.be\/nl\/mijn-rekening\/\",\"url\":\"https:\/\/movers-shop.be\/nl\/mijn-rekening\/\",\"name\":\"Mijn rekening - Movers Shop\",\"isPartOf\":{\"@id\":\"https:\/\/movers-shop.be\/#website\"},\"datePublished\":\"2014-10-06T12:42:37+00:00\",\"dateModified\":\"2023-02-22T23:11:38+00:00\",\"breadcrumb\":{\"@id\":\"https:\/\/movers-shop.be\/nl\/mijn-rekening\/#breadcrumb\"},\"inLanguage\":\"nl-NL\",\"potentialAction\":[{\"@type\":\"ReadAction\",\"target\":[\"https:\/\/movers-shop.be\/nl\/mijn-rekening\/\"]}]},{\"@type\":\"BreadcrumbList\",\"@id\":\"https:\/\/movers-shop.be\/nl\/mijn-rekening\/#breadcrumb\",\"itemListElement\":[{\"@type\":\"ListItem\",\"position\":1,\"name\":\"Accueil\",\"item\":\"https:\/\/movers-shop.be\/nl\/\"},{\"@type\":\"ListItem\",\"position\":2,\"name\":\"Mijn rekening\"}]},{\"@type\":\"WebSite\",\"@id\":\"https:\/\/movers-shop.be\/#website\",\"url\":\"https:\/\/movers-shop.be\/\",\"name\":\"Movers Shop\",\"description\":\"Mat\u00e9riel de d\u00e9m\u00e9nagement professionnel et outils\",\"potentialAction\":[{\"@type\":\"SearchAction\",\"target\":{\"@type\":\"EntryPoint\",\"urlTemplate\":\"https:\/\/movers-shop.be\/?s={search_term_string}\"},\"query-input\":\"required name=search_term_string\"}],\"inLanguage\":\"nl-NL\"}]}<\/script>\n<!-- \/ Yoast SEO plugin. -->","yoast_head_json":{"title":"Mijn rekening - Movers Shop","robots":{"index":"index","follow":"follow","max-snippet":"max-snippet:-1","max-image-preview":"max-image-preview:large","max-video-preview":"max-video-preview:-1"},"canonical":"https:\/\/movers-shop.be\/nl\/mijn-rekening\/","og_locale":"nl_NL","og_type":"article","og_title":"Mijn rekening - Movers Shop","og_description":"[vc_row][vc_column][\/vc_column][\/vc_row]","og_url":"https:\/\/movers-shop.be\/nl\/mijn-rekening\/","og_site_name":"Movers Shop","article_modified_time":"2023-02-22T23:11:38+00:00","schema":{"@context":"https:\/\/schema.org","@graph":[{"@type":"WebPage","@id":"https:\/\/movers-shop.be\/nl\/mijn-rekening\/","url":"https:\/\/movers-shop.be\/nl\/mijn-rekening\/","name":"Mijn rekening - Movers Shop","isPartOf":{"@id":"https:\/\/movers-shop.be\/#website"},"datePublished":"2014-10-06T12:42:37+00:00","dateModified":"2023-02-22T23:11:38+00:00","breadcrumb":{"@id":"https:\/\/movers-shop.be\/nl\/mijn-rekening\/#breadcrumb"},"inLanguage":"nl-NL","potentialAction":[{"@type":"ReadAction","target":["https:\/\/movers-shop.be\/nl\/mijn-rekening\/"]}]},{"@type":"BreadcrumbList","@id":"https:\/\/movers-shop.be\/nl\/mijn-rekening\/#breadcrumb","itemListElement":[{"@type":"ListItem","position":1,"name":"Accueil","item":"https:\/\/movers-shop.be\/nl\/"},{"@type":"ListItem","position":2,"name":"Mijn rekening"}]},{"@type":"WebSite","@id":"https:\/\/movers-shop.be\/#website","url":"https:\/\/movers-shop.be\/","name":"Movers Shop","description":"Mat\u00e9riel de d\u00e9m\u00e9nagement professionnel et outils","potentialAction":[{"@type":"SearchAction","target":{"@type":"EntryPoint","urlTemplate":"https:\/\/movers-shop.be\/?s={search_term_string}"},"query-input":"required name=search_term_string"}],"inLanguage":"nl-NL"}]}},"_links":{"self":[{"href":"https:\/\/movers-shop.be\/nl\/wp-json\/wp\/v2\/pages\/19589"}],"collection":[{"href":"https:\/\/movers-shop.be\/nl\/wp-json\/wp\/v2\/pages"}],"about":[{"href":"https:\/\/movers-shop.be\/nl\/wp-json\/wp\/v2\/types\/page"}],"author":[{"embeddable":true,"href":"https:\/\/movers-shop.be\/nl\/wp-json\/wp\/v2\/users\/1"}],"replies":[{"embeddable":true,"href":"https:\/\/movers-shop.be\/nl\/wp-json\/wp\/v2\/comments?post=19589"}],"version-history":[{"count":1,"href":"https:\/\/movers-shop.be\/nl\/wp-json\/wp\/v2\/pages\/19589\/revisions"}],"predecessor-version":[{"id":19594,"href":"https:\/\/movers-shop.be\/nl\/wp-json\/wp\/v2\/pages\/19589\/revisions\/19594"}],"wp:attachment":[{"href":"https:\/\/movers-shop.be\/nl\/wp-json\/wp\/v2\/media?parent=19589"}],"curies":[{"name":"wp","href":"https:\/\/api.w.org\/{rel}","templated":true}]}}