{"id":19657,"date":"2022-11-17T15:19:39","date_gmt":"2022-11-17T14:19:39","guid":{"rendered":"https:\/\/movers-shop.be\/product\/tyvek-kunstbescherming-1524-x-50-m-43gr\/"},"modified":"2023-10-31T12:00:54","modified_gmt":"2023-10-31T11:00:54","slug":"tyvek-protection-oeuvre-art-1524x50m-43gr","status":"publish","type":"product","link":"https:\/\/movers-shop.be\/nl\/product\/tyvek-protection-oeuvre-art-1524x50m-43gr\/","title":{"rendered":"TYVEK BESCHERMING"},"content":{"rendered":"<ul>\n<li>Aanbevolen voor het verpakken en vervoeren van kunstwerken zoals schilderijen, beeldhouwwerken, enz.<\/li>\n<li>PH-neutraal, niet-pluizend product, zeer resistent en herbruikbaar<\/li>\n<li>Ademend, stofdicht, water-, UV- en hittebestendig tot 80\u02da C<\/li>\n<li>Volledig gerecycled<\/li>\n<li>afmetingen: 1524 x 50 m<\/li>\n<\/ul>\n","protected":false},"excerpt":{"rendered":"<ul class=\"ul-style check\">\n<li>Kwaliteit<\/li>\n<li>Aantrekkelijke prijs<\/li>\n<li>Faciliteit<\/li>\n<\/ul>\n","protected":false},"featured_media":20143,"template":"","meta":[],"product_cat":[296],"product_tag":[],"yoast_head":"<!-- This site is optimized with the Yoast SEO plugin v22.8 - https:\/\/yoast.com\/wordpress\/plugins\/seo\/ -->\n<title>TYVEK BESCHERMING - Movers Shop<\/title>\n<meta name=\"robots\" content=\"index, follow, max-snippet:-1, max-image-preview:large, max-video-preview:-1\" \/>\n<link rel=\"canonical\" href=\"https:\/\/movers-shop.be\/nl\/product\/tyvek-kunstbescherming-1524-x-50-m-43gr\/\" \/>\n<meta property=\"og:locale\" content=\"nl_NL\" \/>\n<meta property=\"og:type\" content=\"article\" \/>\n<meta property=\"og:title\" content=\"TYVEK BESCHERMING - Movers Shop\" \/>\n<meta property=\"og:description\" content=\"Kwaliteit  Aantrekkelijke prijs  Faciliteit\" \/>\n<meta property=\"og:url\" content=\"https:\/\/movers-shop.be\/nl\/product\/tyvek-kunstbescherming-1524-x-50-m-43gr\/\" \/>\n<meta property=\"og:site_name\" content=\"Movers Shop\" \/>\n<meta property=\"article:modified_time\" content=\"2023-10-31T11:00:54+00:00\" \/>\n<meta property=\"og:image\" content=\"https:\/\/movers-shop.be\/wp-content\/uploads\/2022\/11\/T01-1-scaled.jpg\" \/>\n\t<meta property=\"og:image:width\" content=\"2560\" \/>\n\t<meta property=\"og:image:height\" content=\"1709\" \/>\n\t<meta property=\"og:image:type\" content=\"image\/jpeg\" \/>\n<script type=\"application\/ld+json\" class=\"yoast-schema-graph\">{\"@context\":\"https:\/\/schema.org\",\"@graph\":[{\"@type\":\"WebPage\",\"@id\":\"https:\/\/movers-shop.be\/nl\/product\/tyvek-kunstbescherming-1524-x-50-m-43gr\/\",\"url\":\"https:\/\/movers-shop.be\/nl\/product\/tyvek-kunstbescherming-1524-x-50-m-43gr\/\",\"name\":\"TYVEK BESCHERMING - Movers Shop\",\"isPartOf\":{\"@id\":\"https:\/\/movers-shop.be\/#website\"},\"primaryImageOfPage\":{\"@id\":\"https:\/\/movers-shop.be\/nl\/product\/tyvek-kunstbescherming-1524-x-50-m-43gr\/#primaryimage\"},\"image\":{\"@id\":\"https:\/\/movers-shop.be\/nl\/product\/tyvek-kunstbescherming-1524-x-50-m-43gr\/#primaryimage\"},\"thumbnailUrl\":\"https:\/\/movers-shop.be\/wp-content\/uploads\/2022\/11\/T01-1-scaled.jpg\",\"datePublished\":\"2022-11-17T14:19:39+00:00\",\"dateModified\":\"2023-10-31T11:00:54+00:00\",\"breadcrumb\":{\"@id\":\"https:\/\/movers-shop.be\/nl\/product\/tyvek-kunstbescherming-1524-x-50-m-43gr\/#breadcrumb\"},\"inLanguage\":\"nl-NL\",\"potentialAction\":[{\"@type\":\"ReadAction\",\"target\":[\"https:\/\/movers-shop.be\/nl\/product\/tyvek-kunstbescherming-1524-x-50-m-43gr\/\"]}]},{\"@type\":\"ImageObject\",\"inLanguage\":\"nl-NL\",\"@id\":\"https:\/\/movers-shop.be\/nl\/product\/tyvek-kunstbescherming-1524-x-50-m-43gr\/#primaryimage\",\"url\":\"https:\/\/movers-shop.be\/wp-content\/uploads\/2022\/11\/T01-1-scaled.jpg\",\"contentUrl\":\"https:\/\/movers-shop.be\/wp-content\/uploads\/2022\/11\/T01-1-scaled.jpg\",\"width\":2560,\"height\":1709},{\"@type\":\"BreadcrumbList\",\"@id\":\"https:\/\/movers-shop.be\/nl\/product\/tyvek-kunstbescherming-1524-x-50-m-43gr\/#breadcrumb\",\"itemListElement\":[{\"@type\":\"ListItem\",\"position\":1,\"name\":\"Accueil\",\"item\":\"https:\/\/movers-shop.be\/nl\/\"},{\"@type\":\"ListItem\",\"position\":2,\"name\":\"Winkel\",\"item\":\"https:\/\/movers-shop.be\/nl\/winkel\/\"},{\"@type\":\"ListItem\",\"position\":3,\"name\":\"TYVEK BESCHERMING\"}]},{\"@type\":\"WebSite\",\"@id\":\"https:\/\/movers-shop.be\/#website\",\"url\":\"https:\/\/movers-shop.be\/\",\"name\":\"Movers Shop\",\"description\":\"Mat\u00e9riel de d\u00e9m\u00e9nagement professionnel et outils\",\"potentialAction\":[{\"@type\":\"SearchAction\",\"target\":{\"@type\":\"EntryPoint\",\"urlTemplate\":\"https:\/\/movers-shop.be\/?s={search_term_string}\"},\"query-input\":\"required name=search_term_string\"}],\"inLanguage\":\"nl-NL\"}]}<\/script>\n<!-- \/ Yoast SEO plugin. -->","yoast_head_json":{"title":"TYVEK BESCHERMING - Movers Shop","robots":{"index":"index","follow":"follow","max-snippet":"max-snippet:-1","max-image-preview":"max-image-preview:large","max-video-preview":"max-video-preview:-1"},"canonical":"https:\/\/movers-shop.be\/nl\/product\/tyvek-kunstbescherming-1524-x-50-m-43gr\/","og_locale":"nl_NL","og_type":"article","og_title":"TYVEK BESCHERMING - Movers Shop","og_description":"Kwaliteit  Aantrekkelijke prijs  Faciliteit","og_url":"https:\/\/movers-shop.be\/nl\/product\/tyvek-kunstbescherming-1524-x-50-m-43gr\/","og_site_name":"Movers Shop","article_modified_time":"2023-10-31T11:00:54+00:00","og_image":[{"width":2560,"height":1709,"url":"https:\/\/movers-shop.be\/wp-content\/uploads\/2022\/11\/T01-1-scaled.jpg","type":"image\/jpeg"}],"schema":{"@context":"https:\/\/schema.org","@graph":[{"@type":"WebPage","@id":"https:\/\/movers-shop.be\/nl\/product\/tyvek-kunstbescherming-1524-x-50-m-43gr\/","url":"https:\/\/movers-shop.be\/nl\/product\/tyvek-kunstbescherming-1524-x-50-m-43gr\/","name":"TYVEK BESCHERMING - Movers Shop","isPartOf":{"@id":"https:\/\/movers-shop.be\/#website"},"primaryImageOfPage":{"@id":"https:\/\/movers-shop.be\/nl\/product\/tyvek-kunstbescherming-1524-x-50-m-43gr\/#primaryimage"},"image":{"@id":"https:\/\/movers-shop.be\/nl\/product\/tyvek-kunstbescherming-1524-x-50-m-43gr\/#primaryimage"},"thumbnailUrl":"https:\/\/movers-shop.be\/wp-content\/uploads\/2022\/11\/T01-1-scaled.jpg","datePublished":"2022-11-17T14:19:39+00:00","dateModified":"2023-10-31T11:00:54+00:00","breadcrumb":{"@id":"https:\/\/movers-shop.be\/nl\/product\/tyvek-kunstbescherming-1524-x-50-m-43gr\/#breadcrumb"},"inLanguage":"nl-NL","potentialAction":[{"@type":"ReadAction","target":["https:\/\/movers-shop.be\/nl\/product\/tyvek-kunstbescherming-1524-x-50-m-43gr\/"]}]},{"@type":"ImageObject","inLanguage":"nl-NL","@id":"https:\/\/movers-shop.be\/nl\/product\/tyvek-kunstbescherming-1524-x-50-m-43gr\/#primaryimage","url":"https:\/\/movers-shop.be\/wp-content\/uploads\/2022\/11\/T01-1-scaled.jpg","contentUrl":"https:\/\/movers-shop.be\/wp-content\/uploads\/2022\/11\/T01-1-scaled.jpg","width":2560,"height":1709},{"@type":"BreadcrumbList","@id":"https:\/\/movers-shop.be\/nl\/product\/tyvek-kunstbescherming-1524-x-50-m-43gr\/#breadcrumb","itemListElement":[{"@type":"ListItem","position":1,"name":"Accueil","item":"https:\/\/movers-shop.be\/nl\/"},{"@type":"ListItem","position":2,"name":"Winkel","item":"https:\/\/movers-shop.be\/nl\/winkel\/"},{"@type":"ListItem","position":3,"name":"TYVEK BESCHERMING"}]},{"@type":"WebSite","@id":"https:\/\/movers-shop.be\/#website","url":"https:\/\/movers-shop.be\/","name":"Movers Shop","description":"Mat\u00e9riel de d\u00e9m\u00e9nagement professionnel et outils","potentialAction":[{"@type":"SearchAction","target":{"@type":"EntryPoint","urlTemplate":"https:\/\/movers-shop.be\/?s={search_term_string}"},"query-input":"required name=search_term_string"}],"inLanguage":"nl-NL"}]}},"_links":{"self":[{"href":"https:\/\/movers-shop.be\/nl\/wp-json\/wp\/v2\/product\/19657"}],"collection":[{"href":"https:\/\/movers-shop.be\/nl\/wp-json\/wp\/v2\/product"}],"about":[{"href":"https:\/\/movers-shop.be\/nl\/wp-json\/wp\/v2\/types\/product"}],"wp:featuredmedia":[{"embeddable":true,"href":"https:\/\/movers-shop.be\/nl\/wp-json\/wp\/v2\/media\/20143"}],"wp:attachment":[{"href":"https:\/\/movers-shop.be\/nl\/wp-json\/wp\/v2\/media?parent=19657"}],"wp:term":[{"taxonomy":"product_cat","embeddable":true,"href":"https:\/\/movers-shop.be\/nl\/wp-json\/wp\/v2\/product_cat?post=19657"},{"taxonomy":"product_tag","embeddable":true,"href":"https:\/\/movers-shop.be\/nl\/wp-json\/wp\/v2\/product_tag?post=19657"}],"curies":[{"name":"wp","href":"https:\/\/api.w.org\/{rel}","templated":true}]}}