{"id":19732,"date":"2022-11-04T13:21:51","date_gmt":"2022-11-04T12:21:51","guid":{"rendered":"https:\/\/movers-shop.be\/product\/witte-hangkaart-110-x-50-x-50-cm\/"},"modified":"2023-10-30T14:25:38","modified_gmt":"2023-10-30T13:25:38","slug":"carton-penderie-blanc-110x50x50","status":"publish","type":"product","link":"https:\/\/movers-shop.be\/nl\/product\/carton-penderie-blanc-110x50x50\/","title":{"rendered":"WITTE GARDEROBEDOOS"},"content":{"rendered":"<p>Kartonnen doos voor het vervoer van uw kleding op hangers, zoals pakken, jurken, jassen, enz. Kartonnen doos met voorgesneden handgrepen.<\/p>\n<ul>\n<li>BC canneIure gevoerde koffer<\/li>\n<li>2 maten van 112cm tot 120cm<\/li>\n<li>Speciaal ontworpen doos om je kleding op hangers in op te bergen en te vervoeren<\/li>\n<li>Brede deuropening bovenaan en vooraan voor gemakkelijk vullen<\/li>\n<li>Voorgesneden handgrepen<\/li>\n<li>Ideaal voor het vervoeren van pakken, jurken, jassen, enz.<\/li>\n<li>RCV \u00b1144 KG<\/li>\n<li>Plat verpakt &#8211; verkocht zonder stang<\/li>\n<\/ul>\n","protected":false},"excerpt":{"rendered":"<ul class=\"ul-style check\">\n<li>Kwaliteit<\/li>\n<li>Aantrekkelijke prijs<\/li>\n<li>Faciliteit<\/li>\n<\/ul>\n","protected":false},"featured_media":19124,"template":"","meta":[],"product_cat":[292],"product_tag":[314],"yoast_head":"<!-- This site is optimized with the Yoast SEO plugin v22.8 - https:\/\/yoast.com\/wordpress\/plugins\/seo\/ -->\n<title>WITTE GARDEROBEDOOS - Movers Shop<\/title>\n<meta name=\"robots\" content=\"index, follow, max-snippet:-1, max-image-preview:large, max-video-preview:-1\" \/>\n<link rel=\"canonical\" href=\"https:\/\/movers-shop.be\/nl\/product\/carton-penderie-blanc-110x50x50\/\" \/>\n<meta property=\"og:locale\" content=\"nl_NL\" \/>\n<meta property=\"og:type\" content=\"article\" \/>\n<meta property=\"og:title\" content=\"WITTE GARDEROBEDOOS - Movers Shop\" \/>\n<meta property=\"og:description\" content=\"Kwaliteit  Aantrekkelijke prijs  Faciliteit\" \/>\n<meta property=\"og:url\" content=\"https:\/\/movers-shop.be\/nl\/product\/carton-penderie-blanc-110x50x50\/\" \/>\n<meta property=\"og:site_name\" content=\"Movers Shop\" \/>\n<meta property=\"article:modified_time\" content=\"2023-10-30T13:25:38+00:00\" \/>\n<meta property=\"og:image\" content=\"https:\/\/movers-shop.be\/wp-content\/uploads\/2022\/11\/CARTON-PENDERIE-BLANC--scaled.jpg\" \/>\n\t<meta property=\"og:image:width\" content=\"1811\" \/>\n\t<meta property=\"og:image:height\" content=\"2560\" \/>\n\t<meta property=\"og:image:type\" content=\"image\/jpeg\" \/>\n<script type=\"application\/ld+json\" class=\"yoast-schema-graph\">{\"@context\":\"https:\/\/schema.org\",\"@graph\":[{\"@type\":\"WebPage\",\"@id\":\"https:\/\/movers-shop.be\/nl\/product\/carton-penderie-blanc-110x50x50\/\",\"url\":\"https:\/\/movers-shop.be\/nl\/product\/carton-penderie-blanc-110x50x50\/\",\"name\":\"WITTE GARDEROBEDOOS - Movers Shop\",\"isPartOf\":{\"@id\":\"https:\/\/movers-shop.be\/#website\"},\"primaryImageOfPage\":{\"@id\":\"https:\/\/movers-shop.be\/nl\/product\/carton-penderie-blanc-110x50x50\/#primaryimage\"},\"image\":{\"@id\":\"https:\/\/movers-shop.be\/nl\/product\/carton-penderie-blanc-110x50x50\/#primaryimage\"},\"thumbnailUrl\":\"https:\/\/movers-shop.be\/wp-content\/uploads\/2022\/11\/CARTON-PENDERIE-BLANC--scaled.jpg\",\"datePublished\":\"2022-11-04T12:21:51+00:00\",\"dateModified\":\"2023-10-30T13:25:38+00:00\",\"breadcrumb\":{\"@id\":\"https:\/\/movers-shop.be\/nl\/product\/carton-penderie-blanc-110x50x50\/#breadcrumb\"},\"inLanguage\":\"nl-NL\",\"potentialAction\":[{\"@type\":\"ReadAction\",\"target\":[\"https:\/\/movers-shop.be\/nl\/product\/carton-penderie-blanc-110x50x50\/\"]}]},{\"@type\":\"ImageObject\",\"inLanguage\":\"nl-NL\",\"@id\":\"https:\/\/movers-shop.be\/nl\/product\/carton-penderie-blanc-110x50x50\/#primaryimage\",\"url\":\"https:\/\/movers-shop.be\/wp-content\/uploads\/2022\/11\/CARTON-PENDERIE-BLANC--scaled.jpg\",\"contentUrl\":\"https:\/\/movers-shop.be\/wp-content\/uploads\/2022\/11\/CARTON-PENDERIE-BLANC--scaled.jpg\",\"width\":1811,\"height\":2560},{\"@type\":\"BreadcrumbList\",\"@id\":\"https:\/\/movers-shop.be\/nl\/product\/carton-penderie-blanc-110x50x50\/#breadcrumb\",\"itemListElement\":[{\"@type\":\"ListItem\",\"position\":1,\"name\":\"Accueil\",\"item\":\"https:\/\/movers-shop.be\/nl\/\"},{\"@type\":\"ListItem\",\"position\":2,\"name\":\"Winkel\",\"item\":\"https:\/\/movers-shop.be\/nl\/winkel\/\"},{\"@type\":\"ListItem\",\"position\":3,\"name\":\"WITTE GARDEROBEDOOS\"}]},{\"@type\":\"WebSite\",\"@id\":\"https:\/\/movers-shop.be\/#website\",\"url\":\"https:\/\/movers-shop.be\/\",\"name\":\"Movers Shop\",\"description\":\"Mat\u00e9riel de d\u00e9m\u00e9nagement professionnel et outils\",\"potentialAction\":[{\"@type\":\"SearchAction\",\"target\":{\"@type\":\"EntryPoint\",\"urlTemplate\":\"https:\/\/movers-shop.be\/?s={search_term_string}\"},\"query-input\":\"required name=search_term_string\"}],\"inLanguage\":\"nl-NL\"}]}<\/script>\n<!-- \/ Yoast SEO plugin. -->","yoast_head_json":{"title":"WITTE GARDEROBEDOOS - Movers Shop","robots":{"index":"index","follow":"follow","max-snippet":"max-snippet:-1","max-image-preview":"max-image-preview:large","max-video-preview":"max-video-preview:-1"},"canonical":"https:\/\/movers-shop.be\/nl\/product\/carton-penderie-blanc-110x50x50\/","og_locale":"nl_NL","og_type":"article","og_title":"WITTE GARDEROBEDOOS - Movers Shop","og_description":"Kwaliteit  Aantrekkelijke prijs  Faciliteit","og_url":"https:\/\/movers-shop.be\/nl\/product\/carton-penderie-blanc-110x50x50\/","og_site_name":"Movers Shop","article_modified_time":"2023-10-30T13:25:38+00:00","og_image":[{"width":1811,"height":2560,"url":"https:\/\/movers-shop.be\/wp-content\/uploads\/2022\/11\/CARTON-PENDERIE-BLANC--scaled.jpg","type":"image\/jpeg"}],"schema":{"@context":"https:\/\/schema.org","@graph":[{"@type":"WebPage","@id":"https:\/\/movers-shop.be\/nl\/product\/carton-penderie-blanc-110x50x50\/","url":"https:\/\/movers-shop.be\/nl\/product\/carton-penderie-blanc-110x50x50\/","name":"WITTE GARDEROBEDOOS - Movers Shop","isPartOf":{"@id":"https:\/\/movers-shop.be\/#website"},"primaryImageOfPage":{"@id":"https:\/\/movers-shop.be\/nl\/product\/carton-penderie-blanc-110x50x50\/#primaryimage"},"image":{"@id":"https:\/\/movers-shop.be\/nl\/product\/carton-penderie-blanc-110x50x50\/#primaryimage"},"thumbnailUrl":"https:\/\/movers-shop.be\/wp-content\/uploads\/2022\/11\/CARTON-PENDERIE-BLANC--scaled.jpg","datePublished":"2022-11-04T12:21:51+00:00","dateModified":"2023-10-30T13:25:38+00:00","breadcrumb":{"@id":"https:\/\/movers-shop.be\/nl\/product\/carton-penderie-blanc-110x50x50\/#breadcrumb"},"inLanguage":"nl-NL","potentialAction":[{"@type":"ReadAction","target":["https:\/\/movers-shop.be\/nl\/product\/carton-penderie-blanc-110x50x50\/"]}]},{"@type":"ImageObject","inLanguage":"nl-NL","@id":"https:\/\/movers-shop.be\/nl\/product\/carton-penderie-blanc-110x50x50\/#primaryimage","url":"https:\/\/movers-shop.be\/wp-content\/uploads\/2022\/11\/CARTON-PENDERIE-BLANC--scaled.jpg","contentUrl":"https:\/\/movers-shop.be\/wp-content\/uploads\/2022\/11\/CARTON-PENDERIE-BLANC--scaled.jpg","width":1811,"height":2560},{"@type":"BreadcrumbList","@id":"https:\/\/movers-shop.be\/nl\/product\/carton-penderie-blanc-110x50x50\/#breadcrumb","itemListElement":[{"@type":"ListItem","position":1,"name":"Accueil","item":"https:\/\/movers-shop.be\/nl\/"},{"@type":"ListItem","position":2,"name":"Winkel","item":"https:\/\/movers-shop.be\/nl\/winkel\/"},{"@type":"ListItem","position":3,"name":"WITTE GARDEROBEDOOS"}]},{"@type":"WebSite","@id":"https:\/\/movers-shop.be\/#website","url":"https:\/\/movers-shop.be\/","name":"Movers Shop","description":"Mat\u00e9riel de d\u00e9m\u00e9nagement professionnel et outils","potentialAction":[{"@type":"SearchAction","target":{"@type":"EntryPoint","urlTemplate":"https:\/\/movers-shop.be\/?s={search_term_string}"},"query-input":"required name=search_term_string"}],"inLanguage":"nl-NL"}]}},"_links":{"self":[{"href":"https:\/\/movers-shop.be\/nl\/wp-json\/wp\/v2\/product\/19732"}],"collection":[{"href":"https:\/\/movers-shop.be\/nl\/wp-json\/wp\/v2\/product"}],"about":[{"href":"https:\/\/movers-shop.be\/nl\/wp-json\/wp\/v2\/types\/product"}],"wp:featuredmedia":[{"embeddable":true,"href":"https:\/\/movers-shop.be\/nl\/wp-json\/wp\/v2\/media\/19124"}],"wp:attachment":[{"href":"https:\/\/movers-shop.be\/nl\/wp-json\/wp\/v2\/media?parent=19732"}],"wp:term":[{"taxonomy":"product_cat","embeddable":true,"href":"https:\/\/movers-shop.be\/nl\/wp-json\/wp\/v2\/product_cat?post=19732"},{"taxonomy":"product_tag","embeddable":true,"href":"https:\/\/movers-shop.be\/nl\/wp-json\/wp\/v2\/product_tag?post=19732"}],"curies":[{"name":"wp","href":"https:\/\/api.w.org\/{rel}","templated":true}]}}