{"id":19773,"date":"2022-11-04T15:30:12","date_gmt":"2022-11-04T14:30:12","guid":{"rendered":"https:\/\/movers-shop.be\/product\/8-kleuren-inventaris-genummerd-etiket\/"},"modified":"2023-10-31T17:12:15","modified_gmt":"2023-10-31T16:12:15","slug":"labelnummer-inventaris-8-kleuren","status":"publish","type":"product","link":"https:\/\/movers-shop.be\/nl\/product\/labelnummer-inventaris-8-kleuren\/","title":{"rendered":"GENUMMERDE LABELS"},"content":{"rendered":"<p>Inventarislabels of -markering<\/p>\n<div>Rol van 300 etiketten genummerd 1 tot 300<\/div>\n<div>Elke rouIeau heeft een ander lotnummer<\/div>\n<div>Bijzonder geschikt voor het etiketteren van items die niet worden verzonden of voor waarschuwingen op verpakkingen<\/div>\n<div>9 CoIoris om uit te kiezen<\/div>\n","protected":false},"excerpt":{"rendered":"<ul class=\"ul-style check\">\n<li>Kwaliteit<\/li>\n<li>Aantrekkelijke prijs<\/li>\n<li>Faciliteit<\/li>\n<\/ul>\n","protected":false},"featured_media":19442,"template":"","meta":[],"product_cat":[290],"product_tag":[],"yoast_head":"<!-- This site is optimized with the Yoast SEO plugin v22.8 - https:\/\/yoast.com\/wordpress\/plugins\/seo\/ -->\n<title>GENUMMERDE LABELS - Movers Shop<\/title>\n<meta name=\"robots\" content=\"index, follow, max-snippet:-1, max-image-preview:large, max-video-preview:-1\" \/>\n<link rel=\"canonical\" href=\"https:\/\/movers-shop.be\/nl\/product\/8-kleuren-inventaris-genummerd-etiket\/\" \/>\n<meta property=\"og:locale\" content=\"nl_NL\" \/>\n<meta property=\"og:type\" content=\"article\" \/>\n<meta property=\"og:title\" content=\"GENUMMERDE LABELS - Movers Shop\" \/>\n<meta property=\"og:description\" content=\"Kwaliteit  Aantrekkelijke prijs  Faciliteit\" \/>\n<meta property=\"og:url\" content=\"https:\/\/movers-shop.be\/nl\/product\/8-kleuren-inventaris-genummerd-etiket\/\" \/>\n<meta property=\"og:site_name\" content=\"Movers Shop\" \/>\n<meta property=\"article:modified_time\" content=\"2023-10-31T16:12:15+00:00\" \/>\n<meta property=\"og:image\" content=\"https:\/\/movers-shop.be\/wp-content\/uploads\/2022\/12\/PS-11-10-2022_95-scaled.jpg\" \/>\n\t<meta property=\"og:image:width\" content=\"2560\" \/>\n\t<meta property=\"og:image:height\" content=\"1945\" \/>\n\t<meta property=\"og:image:type\" content=\"image\/jpeg\" \/>\n<script type=\"application\/ld+json\" class=\"yoast-schema-graph\">{\"@context\":\"https:\/\/schema.org\",\"@graph\":[{\"@type\":\"WebPage\",\"@id\":\"https:\/\/movers-shop.be\/nl\/product\/8-kleuren-inventaris-genummerd-etiket\/\",\"url\":\"https:\/\/movers-shop.be\/nl\/product\/8-kleuren-inventaris-genummerd-etiket\/\",\"name\":\"GENUMMERDE LABELS - Movers Shop\",\"isPartOf\":{\"@id\":\"https:\/\/movers-shop.be\/#website\"},\"primaryImageOfPage\":{\"@id\":\"https:\/\/movers-shop.be\/nl\/product\/8-kleuren-inventaris-genummerd-etiket\/#primaryimage\"},\"image\":{\"@id\":\"https:\/\/movers-shop.be\/nl\/product\/8-kleuren-inventaris-genummerd-etiket\/#primaryimage\"},\"thumbnailUrl\":\"https:\/\/movers-shop.be\/wp-content\/uploads\/2022\/12\/PS-11-10-2022_95-scaled.jpg\",\"datePublished\":\"2022-11-04T14:30:12+00:00\",\"dateModified\":\"2023-10-31T16:12:15+00:00\",\"breadcrumb\":{\"@id\":\"https:\/\/movers-shop.be\/nl\/product\/8-kleuren-inventaris-genummerd-etiket\/#breadcrumb\"},\"inLanguage\":\"nl-NL\",\"potentialAction\":[{\"@type\":\"ReadAction\",\"target\":[\"https:\/\/movers-shop.be\/nl\/product\/8-kleuren-inventaris-genummerd-etiket\/\"]}]},{\"@type\":\"ImageObject\",\"inLanguage\":\"nl-NL\",\"@id\":\"https:\/\/movers-shop.be\/nl\/product\/8-kleuren-inventaris-genummerd-etiket\/#primaryimage\",\"url\":\"https:\/\/movers-shop.be\/wp-content\/uploads\/2022\/12\/PS-11-10-2022_95-scaled.jpg\",\"contentUrl\":\"https:\/\/movers-shop.be\/wp-content\/uploads\/2022\/12\/PS-11-10-2022_95-scaled.jpg\",\"width\":2560,\"height\":1945},{\"@type\":\"BreadcrumbList\",\"@id\":\"https:\/\/movers-shop.be\/nl\/product\/8-kleuren-inventaris-genummerd-etiket\/#breadcrumb\",\"itemListElement\":[{\"@type\":\"ListItem\",\"position\":1,\"name\":\"Accueil\",\"item\":\"https:\/\/movers-shop.be\/nl\/\"},{\"@type\":\"ListItem\",\"position\":2,\"name\":\"Winkel\",\"item\":\"https:\/\/movers-shop.be\/nl\/winkel\/\"},{\"@type\":\"ListItem\",\"position\":3,\"name\":\"GENUMMERDE LABELS\"}]},{\"@type\":\"WebSite\",\"@id\":\"https:\/\/movers-shop.be\/#website\",\"url\":\"https:\/\/movers-shop.be\/\",\"name\":\"Movers Shop\",\"description\":\"Mat\u00e9riel de d\u00e9m\u00e9nagement professionnel et outils\",\"potentialAction\":[{\"@type\":\"SearchAction\",\"target\":{\"@type\":\"EntryPoint\",\"urlTemplate\":\"https:\/\/movers-shop.be\/?s={search_term_string}\"},\"query-input\":\"required name=search_term_string\"}],\"inLanguage\":\"nl-NL\"}]}<\/script>\n<!-- \/ Yoast SEO plugin. -->","yoast_head_json":{"title":"GENUMMERDE LABELS - Movers Shop","robots":{"index":"index","follow":"follow","max-snippet":"max-snippet:-1","max-image-preview":"max-image-preview:large","max-video-preview":"max-video-preview:-1"},"canonical":"https:\/\/movers-shop.be\/nl\/product\/8-kleuren-inventaris-genummerd-etiket\/","og_locale":"nl_NL","og_type":"article","og_title":"GENUMMERDE LABELS - Movers Shop","og_description":"Kwaliteit  Aantrekkelijke prijs  Faciliteit","og_url":"https:\/\/movers-shop.be\/nl\/product\/8-kleuren-inventaris-genummerd-etiket\/","og_site_name":"Movers Shop","article_modified_time":"2023-10-31T16:12:15+00:00","og_image":[{"width":2560,"height":1945,"url":"https:\/\/movers-shop.be\/wp-content\/uploads\/2022\/12\/PS-11-10-2022_95-scaled.jpg","type":"image\/jpeg"}],"schema":{"@context":"https:\/\/schema.org","@graph":[{"@type":"WebPage","@id":"https:\/\/movers-shop.be\/nl\/product\/8-kleuren-inventaris-genummerd-etiket\/","url":"https:\/\/movers-shop.be\/nl\/product\/8-kleuren-inventaris-genummerd-etiket\/","name":"GENUMMERDE LABELS - Movers Shop","isPartOf":{"@id":"https:\/\/movers-shop.be\/#website"},"primaryImageOfPage":{"@id":"https:\/\/movers-shop.be\/nl\/product\/8-kleuren-inventaris-genummerd-etiket\/#primaryimage"},"image":{"@id":"https:\/\/movers-shop.be\/nl\/product\/8-kleuren-inventaris-genummerd-etiket\/#primaryimage"},"thumbnailUrl":"https:\/\/movers-shop.be\/wp-content\/uploads\/2022\/12\/PS-11-10-2022_95-scaled.jpg","datePublished":"2022-11-04T14:30:12+00:00","dateModified":"2023-10-31T16:12:15+00:00","breadcrumb":{"@id":"https:\/\/movers-shop.be\/nl\/product\/8-kleuren-inventaris-genummerd-etiket\/#breadcrumb"},"inLanguage":"nl-NL","potentialAction":[{"@type":"ReadAction","target":["https:\/\/movers-shop.be\/nl\/product\/8-kleuren-inventaris-genummerd-etiket\/"]}]},{"@type":"ImageObject","inLanguage":"nl-NL","@id":"https:\/\/movers-shop.be\/nl\/product\/8-kleuren-inventaris-genummerd-etiket\/#primaryimage","url":"https:\/\/movers-shop.be\/wp-content\/uploads\/2022\/12\/PS-11-10-2022_95-scaled.jpg","contentUrl":"https:\/\/movers-shop.be\/wp-content\/uploads\/2022\/12\/PS-11-10-2022_95-scaled.jpg","width":2560,"height":1945},{"@type":"BreadcrumbList","@id":"https:\/\/movers-shop.be\/nl\/product\/8-kleuren-inventaris-genummerd-etiket\/#breadcrumb","itemListElement":[{"@type":"ListItem","position":1,"name":"Accueil","item":"https:\/\/movers-shop.be\/nl\/"},{"@type":"ListItem","position":2,"name":"Winkel","item":"https:\/\/movers-shop.be\/nl\/winkel\/"},{"@type":"ListItem","position":3,"name":"GENUMMERDE LABELS"}]},{"@type":"WebSite","@id":"https:\/\/movers-shop.be\/#website","url":"https:\/\/movers-shop.be\/","name":"Movers Shop","description":"Mat\u00e9riel de d\u00e9m\u00e9nagement professionnel et outils","potentialAction":[{"@type":"SearchAction","target":{"@type":"EntryPoint","urlTemplate":"https:\/\/movers-shop.be\/?s={search_term_string}"},"query-input":"required name=search_term_string"}],"inLanguage":"nl-NL"}]}},"_links":{"self":[{"href":"https:\/\/movers-shop.be\/nl\/wp-json\/wp\/v2\/product\/19773"}],"collection":[{"href":"https:\/\/movers-shop.be\/nl\/wp-json\/wp\/v2\/product"}],"about":[{"href":"https:\/\/movers-shop.be\/nl\/wp-json\/wp\/v2\/types\/product"}],"wp:featuredmedia":[{"embeddable":true,"href":"https:\/\/movers-shop.be\/nl\/wp-json\/wp\/v2\/media\/19442"}],"wp:attachment":[{"href":"https:\/\/movers-shop.be\/nl\/wp-json\/wp\/v2\/media?parent=19773"}],"wp:term":[{"taxonomy":"product_cat","embeddable":true,"href":"https:\/\/movers-shop.be\/nl\/wp-json\/wp\/v2\/product_cat?post=19773"},{"taxonomy":"product_tag","embeddable":true,"href":"https:\/\/movers-shop.be\/nl\/wp-json\/wp\/v2\/product_tag?post=19773"}],"curies":[{"name":"wp","href":"https:\/\/api.w.org\/{rel}","templated":true}]}}